{"id":60073,"date":"2021-12-14T12:41:10","date_gmt":"2021-12-14T12:41:10","guid":{"rendered":"https:\/\/career.ihsanrd.org\/?page_id=60073"},"modified":"2022-10-13T14:39:03","modified_gmt":"2022-10-13T14:39:03","slug":"vacancies-turkey","status":"publish","type":"page","link":"https:\/\/career.ihsanrd.org\/ar\/vacancies-turkey\/","title":{"rendered":"\u0627\u0644\u0648\u0638\u0627\u0626\u0641 \u0641\u064a \u062a\u0631\u0643\u064a\u0627"},"content":{"rendered":"[vc_row type=&#8221;full_width_background&#8221; full_screen_row_position=&#8221;middle&#8221; bg_image=&#8221;6877&#8243; bg_position=&#8221;left top&#8221; bg_repeat=&#8221;no-repeat&#8221; parallax_bg=&#8221;true&#8221; parallax_bg_speed=&#8221;fast&#8221; bg_color=&#8221;#111111&#8243; scene_position=&#8221;center&#8221; text_color=&#8221;light&#8221; text_align=&#8221;left&#8221; top_padding=&#8221;5%&#8221; color_overlay=&#8221;#0a0a0a&#8221; overlay_strength=&#8221;0.95&#8243;][vc_column enable_animation=&#8221;true&#8221; animation=&#8221;fade-in-from-bottom&#8221; column_padding=&#8221;no-extra-padding&#8221; column_padding_position=&#8221;all&#8221; background_color_opacity=&#8221;1&#8243; background_hover_color_opacity=&#8221;1&#8243; column_shadow=&#8221;none&#8221; width=&#8221;1\/1&#8243; tablet_text_alignment=&#8221;default&#8221; phone_text_alignment=&#8221;default&#8221; column_border_width=&#8221;none&#8221; column_border_style=&#8221;solid&#8221;][vc_row_inner column_margin=&#8221;default&#8221; text_align=&#8221;left&#8221;][vc_column_inner enable_animation=&#8221;true&#8221; animation=&#8221;fade-in-from-bottom&#8221; column_padding=&#8221;no-extra-padding&#8221; column_padding_position=&#8221;all&#8221; centered_text=&#8221;true&#8221; background_color_opacity=&#8221;1&#8243; width=&#8221;1\/1&#8243; column_border_width=&#8221;none&#8221; column_border_style=&#8221;solid&#8221;][vc_column_text css_animation=&#8221;bounceInDown&#8221; css=&#8221;.vc_custom_1512567694027{margin-bottom: 90px !important;}&#8221;]\n<h2>\u062a\u0642\u062f\u0645 \u0644\u0644\u0627\u0646\u0636\u0645\u0627\u0645 \u0644\u0641\u0631\u064a\u0642 \u0625\u062d\u0633\u0627\u0646 \u0641\u064a\u00a0\u062a\u0631\u0643\u064a\u0627<\/h2>\n[\/vc_column_text][\/vc_column_inner][\/vc_row_inner][vc_column_text]<div class=\"job_listings\" data-location=\"\" data-keywords=\"\" data-show_filters=\"true\" data-show_pagination=\"false\" data-per_page=\"20\" data-orderby=\"featured\" data-order=\"DESC\" data-categories=\"turkey\" data-disable-form-state-storage=\"\" data-post_id=\"60073\" >\n\n<form class=\"job_filters\" style=\"background-color:green;\">\n  \n\t\n\t<div class=\"search_jobs\">\n\t\t\n\t\t<div class=\"search_keywords\">\n\t\t\t<label for=\"search_keywords\">\u0643\u0644\u0645\u0627\u062a \u0627\u0644\u0628\u062d\u062b<\/label>\n\t\t\t<input type=\"text\" name=\"search_keywords\" id=\"search_keywords\" placeholder=\"\u0643\u0644\u0645\u0627\u062a \u0627\u0644\u0628\u062d\u062b\" value=\"\" \/>\n\t\t<\/div>\n\n\t\t<div class=\"search_location\">\n\t\t\t<label for=\"search_location\">\u0627\u0644\u0645\u0643\u0627\u0646<\/label>\n\t\t\t<input type=\"text\" name=\"search_location\" id=\"search_location\" placeholder=\"\u0627\u0644\u0645\u0643\u0627\u0646\" value=\"\" \/>\n\t\t<\/div>\n\n\t\t\t\t\t\t\t\t\t<input type=\"hidden\" name=\"search_categories[]\" value=\"turkey\" \/>\n\t\t\t\t\t\n\t\t\t<\/div>\n\n\t\n\t<ul class=\"job_types\" style=\"background-color:#fff;\">\n    \n\t\t\t\t\t<li><label style=\"color:green;font-size:12px;\" for=\"job_type_freelance\" class=\"freelance\"><input type=\"checkbox\" name=\"filter_job_type[]\" value=\"freelance\"  checked='checked' id=\"job_type_freelance\" \/> Freelance<\/label><\/li>\n\t\t\t\t\t<li><label style=\"color:green;font-size:12px;\" for=\"job_type_full-time\" class=\"full-time\"><input type=\"checkbox\" name=\"filter_job_type[]\" value=\"full-time\"  checked='checked' id=\"job_type_full-time\" \/> Full Time<\/label><\/li>\n\t\t\t\t\t<li><label style=\"color:green;font-size:12px;\" for=\"job_type_internship\" class=\"internship\"><input type=\"checkbox\" name=\"filter_job_type[]\" value=\"internship\"  checked='checked' id=\"job_type_internship\" \/> Internship<\/label><\/li>\n\t\t\t\t\t<li><label style=\"color:green;font-size:12px;\" for=\"job_type_part-time\" class=\"part-time\"><input type=\"checkbox\" name=\"filter_job_type[]\" value=\"part-time\"  checked='checked' id=\"job_type_part-time\" \/> Part Time<\/label><\/li>\n\t\t\t\t\t<li><label style=\"color:green;font-size:12px;\" for=\"job_type_temporary\" class=\"temporary\"><input type=\"checkbox\" name=\"filter_job_type[]\" value=\"temporary\"  checked='checked' id=\"job_type_temporary\" \/> Temporary<\/label><\/li>\n\t\t\t\t\t<li><label style=\"color:green;font-size:12px;\" for=\"job_type_volunteer\" class=\"volunteer\"><input type=\"checkbox\" name=\"filter_job_type[]\" value=\"volunteer\"  checked='checked' id=\"job_type_volunteer\" \/> Volunteer<\/label><\/li>\n\t\t\t<\/ul>\n\t<input type=\"hidden\" name=\"filter_job_type[]\" value=\"\" \/>\n<div class=\"showing_jobs\"><\/div><\/form>\n\n\n<noscript>\u0627\u0644\u0645\u062a\u0635\u0641\u062d \u0627\u0644\u062e\u0627\u0635 \u0628\u0643 \u0644\u0627 \u064a\u062f\u0639\u0645 \u062a\u0642\u0646\u064a\u0629 \u0627\u0644\u062c\u0627\u0641\u0627 \u0633\u0643\u0631\u064a\u0628\u062a \u0623\u0648 \u0623\u0646\u0647\u0627 \u0645\u0639\u0637\u0644\u0629. \u064a\u062c\u0628 \u062a\u0641\u0639\u064a\u0644\u0647\u0627 \u0644\u0643\u064a \u062a\u0633\u062a\u0637\u064a\u0639 \u0645\u0634\u0627\u0647\u062f\u0629 \u0627\u0644\u0628\u064a\u0627\u0646\u0627\u062a.<\/noscript><ul class=\"job_listings\" style=\"background-color:#fff;\"><\/ul><a class=\"load_more_jobs\" href=\"#\" style=\"display:none;\"><strong>\u062a\u062d\u0645\u0644 \u0627\u0644\u0645\u0632\u064a\u062f<\/strong><\/a><\/div>[\/vc_column_text]<div class=\"divider-wrap\"><div style=\"height: 100px;\" class=\"divider\"><\/div><\/div><div class=\"divider-wrap\"><div style=\"height: 100px;\" class=\"divider\"><\/div><\/div>[\/vc_column][\/vc_row][vc_row type=&#8221;full_width_background&#8221; full_screen_row_position=&#8221;middle&#8221; bg_color=&#8221;#333333&#8243; scene_position=&#8221;center&#8221; text_color=&#8221;light&#8221; text_align=&#8221;left&#8221; disable_element=&#8221;yes&#8221; overlay_strength=&#8221;0.3&#8243;][vc_column column_padding=&#8221;no-extra-padding&#8221; column_padding_position=&#8221;all&#8221; background_color_opacity=&#8221;1&#8243; background_hover_color_opacity=&#8221;1&#8243; column_shadow=&#8221;none&#8221; width=&#8221;1\/1&#8243; tablet_text_alignment=&#8221;default&#8221; phone_text_alignment=&#8221;default&#8221; column_border_width=&#8221;none&#8221; column_border_style=&#8221;solid&#8221;]<div class=\"divider-wrap\"><div style=\"height: 25px;\" class=\"divider\"><\/div><\/div>[vc_row_inner column_margin=&#8221;default&#8221; text_align=&#8221;left&#8221;][vc_column_inner column_padding=&#8221;no-extra-padding&#8221; column_padding_position=&#8221;left&#8221; centered_text=&#8221;true&#8221; background_color_opacity=&#8221;1&#8243; width=&#8221;1\/3&#8243; column_border_width=&#8221;none&#8221; column_border_style=&#8221;solid&#8221;][vc_column_text]\n<h5 style=\"text-align: left;\">\u0644\u0645\u0632\u064a\u062f \u0645\u0646 \u0627\u0644\u0645\u0639\u0644\u0648\u0645\u0627\u062a\u060c \u062a\u0641\u0636\u0644\u0648\u0627 \u0628\u0632\u064a\u0627\u0631\u062a\u0646\u0627 \u0623\u0648 \u0627\u0644\u062a\u0648\u0627\u0635\u0644 \u0645\u0639\u0646\u0627<br \/>\nIncilip\u0131nar Mah. Kamilocak Cad 6<br \/>\nZ\u00fcmer i\u015f merkezi No: 17, \u015eahitkemil \/ Gaziantep<\/h5>\n<h5 style=\"text-align: left;\"><\/h5>\n<p>&nbsp;<\/p>\n<h5 style=\"text-align: left;\">info@ihsanrd.org<\/h5>\n<h5 style=\"text-align: left;\">Fax: +90 212 263 41 75<\/h5>\n[\/vc_column_text]<div class=\"divider-wrap\"><div style=\"height: 25px;\" class=\"divider\"><\/div><\/div><div class=\"divider-wrap\"><div style=\"height: 25px;\" class=\"divider\"><\/div><\/div>[\/vc_column_inner][vc_column_inner column_padding=&#8221;padding-10-percent&#8221; column_padding_position=&#8221;right&#8221; centered_text=&#8221;true&#8221; background_color_opacity=&#8221;1&#8243; width=&#8221;1\/3&#8243; column_border_width=&#8221;none&#8221; column_border_style=&#8221;solid&#8221;][vc_column_text]\n<h5 style=\"text-align: center;\"><span style=\"color: #ffffff;\">\u0643\u064a\u0641 \u064a\u062a\u0645 \u0625\u0646\u0641\u0627\u0642 \u0627\u0644\u062a\u0645\u0648\u064a\u0644<\/span><\/h5>\n[\/vc_column_text]<div class=\"divider-wrap\"><div style=\"height: 25px;\" class=\"divider\"><\/div><\/div><div class=\"img-with-aniamtion-wrap center\" data-max-width=\"100%\"><div class=\"inner\"><a href=\"https:\/\/www.ihsanrd.org\/ar\/publications_reports\/\" target=\"_self\" class=\"center\"><img loading=\"lazy\" decoding=\"async\" data-shadow=\"none\" data-shadow-direction=\"middle\" class=\"img-with-animation \" data-delay=\"0\" height=\"925\" width=\"1024\" data-animation=\"fade-in\" src=\"https:\/\/career.ihsanrd.org\/wp-content\/uploads\/2022\/02\/ar-footer-2018-1024x925-1.png\" srcset=\"https:\/\/career.ihsanrd.org\/wp-content\/uploads\/2022\/02\/ar-footer-2018-1024x925-1.png 1024w, https:\/\/career.ihsanrd.org\/wp-content\/uploads\/2022\/02\/ar-footer-2018-1024x925-1-300x271.png 300w, https:\/\/career.ihsanrd.org\/wp-content\/uploads\/2022\/02\/ar-footer-2018-1024x925-1-768x694.png 768w\" sizes=\"auto, 100vw\" alt=\"\" \/><\/a><\/div><\/div><div class=\"divider-wrap\"><div style=\"height: 25px;\" class=\"divider\"><\/div><\/div>[nectar_btn size=&#8221;medium&#8221; open_new_tab=&#8221;true&#8221; button_style=&#8221;see-through-3d&#8221; color_override=&#8221;#ffffff&#8221; url=&#8221;https:\/\/www.syrianforumusa.org\/donate.html&#8221; text=&#8221;\u062a\u0628\u0631\u0639&#8221;][\/vc_column_inner][vc_column_inner column_padding=&#8221;no-extra-padding&#8221; column_padding_position=&#8221;all&#8221; centered_text=&#8221;true&#8221; background_color_opacity=&#8221;1&#8243; width=&#8221;1\/3&#8243; column_border_width=&#8221;none&#8221; column_border_style=&#8221;solid&#8221;]<div class=\"img-with-aniamtion-wrap center\" data-max-width=\"100%\"><div class=\"inner\"><a href=\"http:\/\/www.syrianforum.org\" target=\"_blank\" class=\"center\"><img loading=\"lazy\" decoding=\"async\" data-shadow=\"none\" data-shadow-direction=\"middle\" class=\"img-with-animation \" data-delay=\"0\" height=\"109\" width=\"250\" data-animation=\"fade-in\" src=\"https:\/\/career.ihsanrd.org\/wp-content\/uploads\/2022\/02\/Syrian-Forum-W.png\"  alt=\"\" \/><\/a><\/div><\/div><div class=\"divider-wrap\"><div style=\"height: 25px;\" class=\"divider\"><\/div><\/div>[vc_column_text]\n<h6>\u0625\u062d\u0633\u0627\u0646 \u0647\u064a \u0648\u0627\u062d\u062f\u0629 \u0645\u0646 \u0627\u0644\u0645\u0624\u0633\u0633\u0627\u062a \u0627\u0644\u0633\u062a \u0627\u0644\u062a\u064a \u062a\u0633\u0627\u0647\u0645 \u0641\u064a \u062a\u062d\u0633\u064a\u0646 \u062d\u064a\u0627\u0629 \u0627\u0644\u0633\u0648\u0631\u064a\u064a\u0646 \u0641\u064a \u062c\u0645\u064a\u0639 \u0623\u0646\u062d\u0627\u0621 \u0627\u0644\u0639\u0627\u0644\u0645\u060c \u062a\u062d\u062a \u0645\u0638\u0644\u0629 \u0627\u0644\u0645\u0646\u062a\u062f\u0649 \u0627\u0644\u0633\u0648\u0631\u064a<\/h6>\n[\/vc_column_text]<div class=\"divider-wrap\"><div style=\"height: 25px;\" class=\"divider\"><\/div><\/div>[vc_column_text css=&#8221;.vc_custom_1514267169084{margin-left: -20px !important;padding-right: 20px !important;}&#8221;]\n<table style=\"background-color: rgba(0, 0, 0, 0); border-style: none;\" cellpadding=\"0\">\n<tbody>\n<tr style=\"background-color: rgba(0, 0, 0, 0); border-style: none;\">\n<td style=\"background-color: rgba(0, 0, 0, 0); border: none;\"><a href=\"http:\/\/www.ihsanrd.org\" target=\"_blank\" rel=\"noopener noreferrer\"><img loading=\"lazy\" decoding=\"async\" class=\"right alignnone wp-image-25710 size-full\" src=\"https:\/\/www.ihsanrd.org\/wp-content\/uploads\/2015\/12\/Ihsan-new-logo2-1-300x136-1-300x136.png\" alt=\"\" width=\"300\" height=\"122\" \/><\/a><\/td>\n<td style=\"background-color: rgba(0, 0, 0, 0); border: none;\"><a href=\"https:\/\/www.bousla.org\/\" target=\"_blank\" rel=\"noopener noreferrer\"><img loading=\"lazy\" decoding=\"async\" class=\"right aligncenter wp-image-25709 size-full\" src=\"https:\/\/www.ihsanrd.org\/wp-content\/uploads\/2015\/12\/Bossla-2-300x135-1.png\" alt=\"\" width=\"300\" height=\"135\" \/><\/a><\/td>\n<td style=\"background-color: rgba(0, 0, 0, 0); border: none;\"><a href=\"http:\/\/rizk.syrianforum.org\/\" target=\"_blank\" rel=\"noopener noreferrer\"><img loading=\"lazy\" decoding=\"async\" class=\"right aligncenter wp-image-25711 size-full\" src=\"https:\/\/www.ihsanrd.org\/wp-content\/uploads\/2015\/12\/Razk-1-300x134-1.png\" alt=\"\" width=\"300\" height=\"134\" \/><\/a><\/td>\n<td style=\"background-color: rgba(0, 0, 0, 0); border: none;\"><\/td>\n<td style=\"background-color: rgba(0, 0, 0, 0); border: none;\"><\/td>\n<td style=\"background-color: rgba(0, 0, 0, 0); border: none;\"><\/td>\n<\/tr>\n<tr style=\"background-color: rgba(0, 0, 0, 0); border-style: none;\">\n<td style=\"background-color: rgba(0, 0, 0, 0); border: none;\"><a href=\"http:\/\/fener.syrianforum.org\/\" target=\"_blank\" rel=\"noopener noreferrer\"><img loading=\"lazy\" decoding=\"async\" class=\"right aligncenter wp-image-25712 size-full\" src=\"https:\/\/www.ihsanrd.org\/wp-content\/uploads\/2015\/12\/Fener-1-300x134-1.png\" alt=\"\" width=\"300\" height=\"134\" \/><\/a><\/td>\n<td style=\"background-color: rgba(0, 0, 0, 0); border: none;\"><a href=\"http:\/\/www.omrandirasat.org\/\" target=\"_blank\" rel=\"noopener noreferrer\"><img loading=\"lazy\" decoding=\"async\" class=\"right aligncenter wp-image-25717 size-full\" src=\"https:\/\/www.ihsanrd.org\/wp-content\/uploads\/2015\/12\/Omran-1-300x127-1.png\" alt=\"\" width=\"300\" height=\"127\" \/><\/a><\/td>\n<td style=\"background-color: rgba(0, 0, 0, 0); border: none;\"><a href=\"https:\/\/www.alsouria.net\/\" target=\"_blank\" rel=\"noopener noreferrer\"><img loading=\"lazy\" decoding=\"async\" class=\"right aligncenter wp-image-25710 size-full\" src=\"https:\/\/www.ihsanrd.org\/wp-content\/uploads\/2015\/12\/Syrian-1-300x122-1.png\" alt=\"\" width=\"300\" height=\"122\" \/><\/a><\/td>\n<td style=\"background-color: rgba(0, 0, 0, 0); border: none;\"><\/td>\n<td style=\"background-color: rgba(0, 0, 0, 0); border: none;\"><\/td>\n<td style=\"background-color: rgba(0, 0, 0, 0); border: none;\"><\/td>\n<\/tr>\n<\/tbody>\n<\/table>\n[\/vc_column_text][\/vc_column_inner][\/vc_row_inner][\/vc_column][\/vc_row]","protected":false},"excerpt":{"rendered":"<p>[vc_row type=&#8221;full_width_background&#8221; full_screen_row_position=&#8221;middle&#8221; bg_image=&#8221;6877&#8243; bg_position=&#8221;left top&#8221; bg_repeat=&#8221;no-repeat&#8221; parallax_bg=&#8221;true&#8221; parallax_bg_speed=&#8221;fast&#8221; bg_color=&#8221;#111111&#8243; scene_position=&#8221;center&#8221; text_color=&#8221;light&#8221; text_align=&#8221;left&#8221; top_padding=&#8221;5%&#8221; color_overlay=&#8221;#0a0a0a&#8221; overlay_strength=&#8221;0.95&#8243;][vc_column enable_animation=&#8221;true&#8221; animation=&#8221;fade-in-from-bottom&#8221; column_padding=&#8221;no-extra-padding&#8221; column_padding_position=&#8221;all&#8221; background_color_opacity=&#8221;1&#8243; background_hover_color_opacity=&#8221;1&#8243; column_shadow=&#8221;none&#8221; width=&#8221;1\/1&#8243; tablet_text_alignment=&#8221;default&#8221; phone_text_alignment=&#8221;default&#8221; column_border_width=&#8221;none&#8221; column_border_style=&#8221;solid&#8221;][vc_row_inner column_margin=&#8221;default&#8221; text_align=&#8221;left&#8221;][vc_column_inner&#8230;<\/p>\n","protected":false},"author":1,"featured_media":0,"parent":0,"menu_order":0,"comment_status":"closed","ping_status":"closed","template":"","meta":{"footnotes":""},"class_list":["post-60073","page","type-page","status-publish","hentry"],"_links":{"self":[{"href":"https:\/\/career.ihsanrd.org\/ar\/wp-json\/wp\/v2\/pages\/60073","targetHints":{"allow":["GET"]}}],"collection":[{"href":"https:\/\/career.ihsanrd.org\/ar\/wp-json\/wp\/v2\/pages"}],"about":[{"href":"https:\/\/career.ihsanrd.org\/ar\/wp-json\/wp\/v2\/types\/page"}],"author":[{"embeddable":true,"href":"https:\/\/career.ihsanrd.org\/ar\/wp-json\/wp\/v2\/users\/1"}],"replies":[{"embeddable":true,"href":"https:\/\/career.ihsanrd.org\/ar\/wp-json\/wp\/v2\/comments?post=60073"}],"version-history":[{"count":16,"href":"https:\/\/career.ihsanrd.org\/ar\/wp-json\/wp\/v2\/pages\/60073\/revisions"}],"predecessor-version":[{"id":82202,"href":"https:\/\/career.ihsanrd.org\/ar\/wp-json\/wp\/v2\/pages\/60073\/revisions\/82202"}],"wp:attachment":[{"href":"https:\/\/career.ihsanrd.org\/ar\/wp-json\/wp\/v2\/media?parent=60073"}],"curies":[{"name":"wp","href":"https:\/\/api.w.org\/{rel}","templated":true}]}}