{"id":60071,"date":"2021-12-14T12:39:01","date_gmt":"2021-12-14T12:39:01","guid":{"rendered":"https:\/\/career.ihsanrd.org\/?page_id=60071"},"modified":"2022-10-13T14:41:18","modified_gmt":"2022-10-13T14:41:18","slug":"vacancies-syria","status":"publish","type":"page","link":"https:\/\/career.ihsanrd.org\/tr\/vacancies-syria\/","title":{"rendered":"Vacancies Syria"},"content":{"rendered":"[vc_row type=&#8221;full_width_background&#8221; full_screen_row_position=&#8221;middle&#8221; bg_color=&#8221;#111111&#8243; scene_position=&#8221;center&#8221; text_color=&#8221;light&#8221; text_align=&#8221;left&#8221; top_padding=&#8221;5%&#8221; color_overlay=&#8221;#0a0a0a&#8221; overlay_strength=&#8221;0.95&#8243;][vc_column enable_animation=&#8221;true&#8221; animation=&#8221;fade-in-from-bottom&#8221; column_padding=&#8221;no-extra-padding&#8221; column_padding_position=&#8221;all&#8221; background_color_opacity=&#8221;1&#8243; background_hover_color_opacity=&#8221;1&#8243; column_shadow=&#8221;none&#8221; width=&#8221;1\/1&#8243; tablet_text_alignment=&#8221;default&#8221; phone_text_alignment=&#8221;default&#8221; column_border_width=&#8221;none&#8221; column_border_style=&#8221;solid&#8221;][vc_row_inner column_margin=&#8221;default&#8221; text_align=&#8221;left&#8221;][vc_column_inner enable_animation=&#8221;true&#8221; animation=&#8221;fade-in-from-bottom&#8221; column_padding=&#8221;no-extra-padding&#8221; column_padding_position=&#8221;all&#8221; centered_text=&#8221;true&#8221; background_color_opacity=&#8221;1&#8243; width=&#8221;1\/1&#8243; column_border_width=&#8221;none&#8221; column_border_style=&#8221;solid&#8221;][vc_column_text css_animation=&#8221;bounceInDown&#8221; css=&#8221;.vc_custom_1507794647276{margin-bottom: 90px !important;}&#8221;]\n<h2>APPLY TO JOIN SYRIA IHSAN TEAM<\/h2>\n[\/vc_column_text][\/vc_column_inner][\/vc_row_inner][vc_row_inner column_margin=&#8221;default&#8221; text_align=&#8221;left&#8221;][vc_column_inner enable_animation=&#8221;true&#8221; animation=&#8221;fade-in-from-bottom&#8221; column_padding=&#8221;no-extra-padding&#8221; column_padding_position=&#8221;all&#8221; centered_text=&#8221;true&#8221; background_color_opacity=&#8221;1&#8243; width=&#8221;1\/1&#8243; column_border_width=&#8221;none&#8221; column_border_style=&#8221;solid&#8221;][vc_column_text]<div class=\"job_listings\" data-location=\"\" data-keywords=\"\" data-show_filters=\"true\" data-show_pagination=\"false\" data-per_page=\"20\" data-orderby=\"featured\" data-order=\"DESC\" data-categories=\"syria\" data-disable-form-state-storage=\"\" data-post_id=\"60071\" >\n\n<form class=\"job_filters\" style=\"background-color:green;\">\n  \n\t\n\t<div class=\"search_jobs\">\n\t\t\n\t\t<div class=\"search_keywords\">\n\t\t\t<label for=\"search_keywords\">Anahtar Kelimeler<\/label>\n\t\t\t<input type=\"text\" name=\"search_keywords\" id=\"search_keywords\" placeholder=\"Anahtar Kelimeler\" value=\"\" \/>\n\t\t<\/div>\n\n\t\t<div class=\"search_location\">\n\t\t\t<label for=\"search_location\">Lokasyon<\/label>\n\t\t\t<input type=\"text\" name=\"search_location\" id=\"search_location\" placeholder=\"Lokasyon\" value=\"\" \/>\n\t\t<\/div>\n\n\t\t\t\t\t\t\t\t\t<input type=\"hidden\" name=\"search_categories[]\" value=\"syria\" \/>\n\t\t\t\t\t\n\t\t\t<\/div>\n\n\t\n\t<ul class=\"job_types\" style=\"background-color:#fff;\">\n    \n\t\t\t\t\t<li><label style=\"color:green;font-size:12px;\" for=\"job_type_freelance\" class=\"freelance\"><input type=\"checkbox\" name=\"filter_job_type[]\" value=\"freelance\"  checked='checked' id=\"job_type_freelance\" \/> Freelance<\/label><\/li>\n\t\t\t\t\t<li><label style=\"color:green;font-size:12px;\" for=\"job_type_full-time\" class=\"full-time\"><input type=\"checkbox\" name=\"filter_job_type[]\" value=\"full-time\"  checked='checked' id=\"job_type_full-time\" \/> Full Time<\/label><\/li>\n\t\t\t\t\t<li><label style=\"color:green;font-size:12px;\" for=\"job_type_internship\" class=\"internship\"><input type=\"checkbox\" name=\"filter_job_type[]\" value=\"internship\"  checked='checked' id=\"job_type_internship\" \/> Internship<\/label><\/li>\n\t\t\t\t\t<li><label style=\"color:green;font-size:12px;\" for=\"job_type_part-time\" class=\"part-time\"><input type=\"checkbox\" name=\"filter_job_type[]\" value=\"part-time\"  checked='checked' id=\"job_type_part-time\" \/> Part Time<\/label><\/li>\n\t\t\t\t\t<li><label style=\"color:green;font-size:12px;\" for=\"job_type_temporary\" class=\"temporary\"><input type=\"checkbox\" name=\"filter_job_type[]\" value=\"temporary\"  checked='checked' id=\"job_type_temporary\" \/> Temporary<\/label><\/li>\n\t\t\t\t\t<li><label style=\"color:green;font-size:12px;\" for=\"job_type_volunteer\" class=\"volunteer\"><input type=\"checkbox\" name=\"filter_job_type[]\" value=\"volunteer\"  checked='checked' id=\"job_type_volunteer\" \/> Volunteer<\/label><\/li>\n\t\t\t<\/ul>\n\t<input type=\"hidden\" name=\"filter_job_type[]\" value=\"\" \/>\n<div class=\"showing_jobs\"><\/div><\/form>\n\n\n<noscript>Taray\u0131c\u0131n\u0131z JavaScript desteklemiyor ya da JavaScript&rsquo;i devre d\u0131\u015f\u0131 b\u0131rakm\u0131\u015f. \u0130lanlar\u0131 g\u00f6rebilmek i\u00e7in JavaScript aktif olmal\u0131d\u0131r.<\/noscript><ul class=\"job_listings\" style=\"background-color:#fff;\"><\/ul><a class=\"load_more_jobs\" href=\"#\" style=\"display:none;\"><strong>Daha fazla ilan<\/strong><\/a><\/div>[\/vc_column_text][\/vc_column_inner][\/vc_row_inner]<div class=\"divider-wrap\"><div style=\"height: 20px;\" class=\"divider\"><\/div><\/div>[vc_column_text css_animation=&#8221;bounceInDown&#8221; css=&#8221;.vc_custom_1571669907507{margin-bottom: 90px !important;}&#8221;]\n<h3 style=\"text-align: center;\"><strong>If you have a serious concern or complaint about IhsanRD HR department and HR activities, please report it to IhsanRD management team in Turkey through <a href=\"mailto:HR.complaints@ihsanrd.org\">HR.complaints@ihsanrd.org<\/a>, all complaints are treated confidentially<\/strong><\/h3>\n[\/vc_column_text][\/vc_column][\/vc_row][vc_row type=&#8221;full_width_background&#8221; full_screen_row_position=&#8221;middle&#8221; bg_color=&#8221;#333333&#8243; scene_position=&#8221;center&#8221; text_color=&#8221;light&#8221; text_align=&#8221;right&#8221; disable_element=&#8221;yes&#8221; overlay_strength=&#8221;0.3&#8243;][vc_column column_padding=&#8221;no-extra-padding&#8221; column_padding_position=&#8221;all&#8221; background_color_opacity=&#8221;1&#8243; background_hover_color_opacity=&#8221;1&#8243; column_shadow=&#8221;none&#8221; width=&#8221;1\/1&#8243; tablet_text_alignment=&#8221;default&#8221; phone_text_alignment=&#8221;default&#8221; column_border_width=&#8221;none&#8221; column_border_style=&#8221;solid&#8221;]<div class=\"divider-wrap\"><div style=\"height: 25px;\" class=\"divider\"><\/div><\/div>[vc_row_inner column_margin=&#8221;default&#8221; text_align=&#8221;right&#8221;][vc_column_inner column_padding=&#8221;no-extra-padding&#8221; column_padding_position=&#8221;left&#8221; centered_text=&#8221;true&#8221; background_color_opacity=&#8221;1&#8243; width=&#8221;1\/3&#8243; column_border_width=&#8221;none&#8221; column_border_style=&#8221;solid&#8221;][vc_column_text]\n<p style=\"text-align: left;\">For more information, visit or contact us:<br \/>\nMERKEZ MH, ESENLER CD,<br \/>\n711. SK No:10\/115 BA\u011eCILAR 34200<br \/>\nIstanbul -Turkey<\/p>\n<p style=\"text-align: left;\">info@ihsanrd.org<br \/>\nFax: +90 212 263 41 75<\/p>\n[\/vc_column_text]<div class=\"divider-wrap\"><div style=\"height: 25px;\" class=\"divider\"><\/div><\/div><div class=\"divider-wrap\"><div style=\"height: 25px;\" class=\"divider\"><\/div><\/div><div class=\"divider-wrap\"><div style=\"height: 25px;\" class=\"divider\"><\/div><\/div>[\/vc_column_inner][vc_column_inner column_padding=&#8221;padding-5-percent&#8221; column_padding_position=&#8221;right&#8221; centered_text=&#8221;true&#8221; background_color_opacity=&#8221;1&#8243; width=&#8221;1\/3&#8243; column_border_width=&#8221;none&#8221; column_border_style=&#8221;solid&#8221;][vc_column_text]\n<p style=\"text-align: center;\"><span style=\"color: #ffffff;\">How we spend funds<\/span><\/p>\n[\/vc_column_text]<div class=\"divider-wrap\"><div style=\"height: 25px;\" class=\"divider\"><\/div><\/div><div class=\"img-with-aniamtion-wrap center\" data-max-width=\"100%\"><div class=\"inner\"><a href=\"https:\/\/www.ihsanrd.org\/publications_reports\/\" target=\"_self\" class=\"center\"><img loading=\"lazy\" decoding=\"async\" data-shadow=\"none\" data-shadow-direction=\"middle\" class=\"img-with-animation \" data-delay=\"0\" height=\"226\" width=\"250\" data-animation=\"fade-in\" src=\"https:\/\/career.ihsanrd.org\/wp-content\/uploads\/2021\/12\/footer-en-e1513841345827.png\"  alt=\"\" \/><\/a><\/div><\/div><div class=\"divider-wrap\"><div style=\"height: 25px;\" class=\"divider\"><\/div><\/div>[nectar_btn size=&#8221;small&#8221; open_new_tab=&#8221;true&#8221; button_style=&#8221;see-through-3d&#8221; color_override=&#8221;#ffffff&#8221; url=&#8221;https:\/\/www.syrianforumusa.org\/donate.html&#8221; text=&#8221;Donate&#8221;][\/vc_column_inner][vc_column_inner column_padding=&#8221;no-extra-padding&#8221; column_padding_position=&#8221;all&#8221; centered_text=&#8221;true&#8221; background_color_opacity=&#8221;1&#8243; width=&#8221;1\/3&#8243; column_border_width=&#8221;none&#8221; column_border_style=&#8221;solid&#8221;]<div class=\"img-with-aniamtion-wrap center\" data-max-width=\"125%\"><div class=\"inner\"><a href=\"http:\/\/www.syrianforum.org\" target=\"_blank\" class=\"center\"><img loading=\"lazy\" decoding=\"async\" data-shadow=\"none\" data-shadow-direction=\"middle\" class=\"img-with-animation \" data-delay=\"0\" height=\"109\" width=\"250\" data-animation=\"fade-in\" src=\"https:\/\/career.ihsanrd.org\/wp-content\/uploads\/2021\/12\/Syrian-Forum-W-1.png\"  alt=\"\" \/><\/a><\/div><\/div><div class=\"divider-wrap\"><div style=\"height: 25px;\" class=\"divider\"><\/div><\/div>[vc_column_text]\n<p style=\"text-align: center;\"><span style=\"font-family: arial, helvetica, sans-serif; color: #e1e3eb;\">IhsanRD is one of the Syrian Forum&#8217;s five programs that contribute to improving Syrians&#8217; lives in Syria and Turkey<\/span><\/p>\n[\/vc_column_text]<div class=\"divider-wrap\"><div style=\"height: 25px;\" class=\"divider\"><\/div><\/div>[vc_column_text css=&#8221;.vc_custom_1639486018549{margin-right: -20px !important;padding-left: 20px !important;}&#8221;]\n<table style=\"background-color: rgba(0, 0, 0, 0); border-style: none;\" cellpadding=\"0\">\n<tbody>\n<tr style=\"background-color: rgba(0, 0, 0, 0); border-style: none;\">\n<td style=\"background-color: rgba(0, 0, 0, 0); border: none;\"><a href=\"http:\/\/www.ihsanrd.org\"><img loading=\"lazy\" decoding=\"async\" class=\"right alignnone wp-image-264252 size-medium\" src=\"https:\/\/www.ihsanrd.org\/wp-content\/uploads\/2021\/03\/SF_IhsanRD-W-300x133.png\" alt=\"\" width=\"300\" height=\"133\" \/><\/a><\/td>\n<td style=\"background-color: rgba(0, 0, 0, 0); border: none;\"><a href=\"https:\/\/www.bousla.org\/\"><img loading=\"lazy\" decoding=\"async\" class=\"right alignnone wp-image-264251 size-medium\" src=\"https:\/\/www.ihsanrd.org\/wp-content\/uploads\/2021\/03\/SF_Bousla-W-300x133.png\" alt=\"\" width=\"300\" height=\"133\" \/><\/a><\/td>\n<td style=\"background-color: rgba(0, 0, 0, 0); border: none;\"><a href=\"http:\/\/rizk.syrianforum.org\/\"><img loading=\"lazy\" decoding=\"async\" class=\"right alignnone wp-image-264254 size-medium\" src=\"https:\/\/www.ihsanrd.org\/wp-content\/uploads\/2021\/03\/SF_Rizk-W-300x134.png\" alt=\"\" width=\"300\" height=\"134\" \/><\/a><\/td>\n<td style=\"background-color: rgba(0, 0, 0, 0); border: none;\"><\/td>\n<td style=\"background-color: rgba(0, 0, 0, 0); border: none;\"><\/td>\n<td style=\"background-color: rgba(0, 0, 0, 0); border: none;\"><\/td>\n<\/tr>\n<tr style=\"background-color: rgba(0, 0, 0, 0); border-style: none;\">\n<td style=\"background-color: rgba(0, 0, 0, 0); border: none;\"><\/td>\n<td style=\"background-color: rgba(0, 0, 0, 0); border: none;\"><a href=\"http:\/\/www.omrandirasat.org\/\"><img loading=\"lazy\" decoding=\"async\" class=\"right alignnone wp-image-264253 size-medium\" src=\"https:\/\/www.ihsanrd.org\/wp-content\/uploads\/2021\/03\/SF_Omran-W-300x126.png\" alt=\"\" width=\"300\" height=\"126\" \/><\/a><\/td>\n<td style=\"background-color: rgba(0, 0, 0, 0); border: none;\"><a href=\"https:\/\/www.alsouria.net\/\"><img loading=\"lazy\" decoding=\"async\" class=\"right alignnone wp-image-264255 size-medium\" src=\"https:\/\/www.ihsanrd.org\/wp-content\/uploads\/2021\/03\/SF_Souria-W-300x133.png\" alt=\"\" width=\"300\" height=\"133\" \/><\/a><\/td>\n<td style=\"background-color: rgba(0, 0, 0, 0); border: none;\"><\/td>\n<td style=\"background-color: rgba(0, 0, 0, 0); border: none;\"><\/td>\n<td style=\"background-color: rgba(0, 0, 0, 0); border: none;\"><\/td>\n<\/tr>\n<\/tbody>\n<\/table>\n[\/vc_column_text][\/vc_column_inner][\/vc_row_inner][\/vc_column][\/vc_row]","protected":false},"excerpt":{"rendered":"<p>[vc_row type=&#8221;full_width_background&#8221; full_screen_row_position=&#8221;middle&#8221; bg_color=&#8221;#111111&#8243; scene_position=&#8221;center&#8221; text_color=&#8221;light&#8221; text_align=&#8221;left&#8221; top_padding=&#8221;5%&#8221; color_overlay=&#8221;#0a0a0a&#8221; overlay_strength=&#8221;0.95&#8243;][vc_column enable_animation=&#8221;true&#8221; animation=&#8221;fade-in-from-bottom&#8221; column_padding=&#8221;no-extra-padding&#8221; column_padding_position=&#8221;all&#8221; background_color_opacity=&#8221;1&#8243; background_hover_color_opacity=&#8221;1&#8243; column_shadow=&#8221;none&#8221; width=&#8221;1\/1&#8243; tablet_text_alignment=&#8221;default&#8221; phone_text_alignment=&#8221;default&#8221; column_border_width=&#8221;none&#8221; column_border_style=&#8221;solid&#8221;][vc_row_inner column_margin=&#8221;default&#8221; text_align=&#8221;left&#8221;][vc_column_inner enable_animation=&#8221;true&#8221; animation=&#8221;fade-in-from-bottom&#8221; column_padding=&#8221;no-extra-padding&#8221; column_padding_position=&#8221;all&#8221; centered_text=&#8221;true&#8221; background_color_opacity=&#8221;1&#8243;&#8230;<\/p>\n","protected":false},"author":1,"featured_media":0,"parent":0,"menu_order":0,"comment_status":"closed","ping_status":"closed","template":"","meta":{"footnotes":""},"class_list":["post-60071","page","type-page","status-publish","hentry"],"_links":{"self":[{"href":"https:\/\/career.ihsanrd.org\/tr\/wp-json\/wp\/v2\/pages\/60071","targetHints":{"allow":["GET"]}}],"collection":[{"href":"https:\/\/career.ihsanrd.org\/tr\/wp-json\/wp\/v2\/pages"}],"about":[{"href":"https:\/\/career.ihsanrd.org\/tr\/wp-json\/wp\/v2\/types\/page"}],"author":[{"embeddable":true,"href":"https:\/\/career.ihsanrd.org\/tr\/wp-json\/wp\/v2\/users\/1"}],"replies":[{"embeddable":true,"href":"https:\/\/career.ihsanrd.org\/tr\/wp-json\/wp\/v2\/comments?post=60071"}],"version-history":[{"count":25,"href":"https:\/\/career.ihsanrd.org\/tr\/wp-json\/wp\/v2\/pages\/60071\/revisions"}],"predecessor-version":[{"id":82204,"href":"https:\/\/career.ihsanrd.org\/tr\/wp-json\/wp\/v2\/pages\/60071\/revisions\/82204"}],"wp:attachment":[{"href":"https:\/\/career.ihsanrd.org\/tr\/wp-json\/wp\/v2\/media?parent=60071"}],"curies":[{"name":"wp","href":"https:\/\/api.w.org\/{rel}","templated":true}]}}