{"id":60073,"date":"2021-12-14T12:41:10","date_gmt":"2021-12-14T12:41:10","guid":{"rendered":"https:\/\/career.ihsanrd.org\/?page_id=60073"},"modified":"2022-10-13T14:39:03","modified_gmt":"2022-10-13T14:39:03","slug":"vacancies-turkey","status":"publish","type":"page","link":"https:\/\/career.ihsanrd.org\/tr\/vacancies-turkey\/","title":{"rendered":"T\u00fcrkiye Pozisyonlar"},"content":{"rendered":"[vc_row type=&#8221;full_width_background&#8221; full_screen_row_position=&#8221;middle&#8221; bg_image=&#8221;6877&#8243; bg_position=&#8221;left top&#8221; bg_repeat=&#8221;no-repeat&#8221; parallax_bg=&#8221;true&#8221; parallax_bg_speed=&#8221;fast&#8221; bg_color=&#8221;#111111&#8243; scene_position=&#8221;center&#8221; text_color=&#8221;light&#8221; text_align=&#8221;left&#8221; top_padding=&#8221;5%&#8221; color_overlay=&#8221;#0a0a0a&#8221; overlay_strength=&#8221;0.95&#8243;][vc_column enable_animation=&#8221;true&#8221; animation=&#8221;fade-in-from-bottom&#8221; column_padding=&#8221;no-extra-padding&#8221; column_padding_position=&#8221;all&#8221; background_color_opacity=&#8221;1&#8243; background_hover_color_opacity=&#8221;1&#8243; column_shadow=&#8221;none&#8221; width=&#8221;1\/1&#8243; tablet_text_alignment=&#8221;default&#8221; phone_text_alignment=&#8221;default&#8221; column_border_width=&#8221;none&#8221; column_border_style=&#8221;solid&#8221;][vc_row_inner column_margin=&#8221;default&#8221; text_align=&#8221;left&#8221;][vc_column_inner enable_animation=&#8221;true&#8221; animation=&#8221;fade-in-from-bottom&#8221; column_padding=&#8221;no-extra-padding&#8221; column_padding_position=&#8221;all&#8221; centered_text=&#8221;true&#8221; background_color_opacity=&#8221;1&#8243; width=&#8221;1\/1&#8243; column_border_width=&#8221;none&#8221; column_border_style=&#8221;solid&#8221;][vc_column_text css_animation=&#8221;bounceInDown&#8221; css=&#8221;.vc_custom_1647336680655{margin-bottom: 90px !important;}&#8221;]\n<h2><strong>KATILMAK \u0130\u00c7\u0130N BA\u015eVUR<\/strong><\/h2>\n[\/vc_column_text][\/vc_column_inner][\/vc_row_inner][vc_column_text]<div class=\"job_listings\" data-location=\"\" data-keywords=\"\" data-show_filters=\"true\" data-show_pagination=\"false\" data-per_page=\"20\" data-orderby=\"featured\" data-order=\"DESC\" data-categories=\"turkey\" data-disable-form-state-storage=\"\" data-post_id=\"60073\" >\n\n<form class=\"job_filters\" style=\"background-color:green;\">\n  \n\t\n\t<div class=\"search_jobs\">\n\t\t\n\t\t<div class=\"search_keywords\">\n\t\t\t<label for=\"search_keywords\">Anahtar Kelimeler<\/label>\n\t\t\t<input type=\"text\" name=\"search_keywords\" id=\"search_keywords\" placeholder=\"Anahtar Kelimeler\" value=\"\" \/>\n\t\t<\/div>\n\n\t\t<div class=\"search_location\">\n\t\t\t<label for=\"search_location\">Lokasyon<\/label>\n\t\t\t<input type=\"text\" name=\"search_location\" id=\"search_location\" placeholder=\"Lokasyon\" value=\"\" \/>\n\t\t<\/div>\n\n\t\t\t\t\t\t\t\t\t<input type=\"hidden\" name=\"search_categories[]\" value=\"turkey\" \/>\n\t\t\t\t\t\n\t\t\t<\/div>\n\n\t\n\t<ul class=\"job_types\" style=\"background-color:#fff;\">\n    \n\t\t\t\t\t<li><label style=\"color:green;font-size:12px;\" for=\"job_type_freelance\" class=\"freelance\"><input type=\"checkbox\" name=\"filter_job_type[]\" value=\"freelance\"  checked='checked' id=\"job_type_freelance\" \/> Freelance<\/label><\/li>\n\t\t\t\t\t<li><label style=\"color:green;font-size:12px;\" for=\"job_type_full-time\" class=\"full-time\"><input type=\"checkbox\" name=\"filter_job_type[]\" value=\"full-time\"  checked='checked' id=\"job_type_full-time\" \/> Full Time<\/label><\/li>\n\t\t\t\t\t<li><label style=\"color:green;font-size:12px;\" for=\"job_type_internship\" class=\"internship\"><input type=\"checkbox\" name=\"filter_job_type[]\" value=\"internship\"  checked='checked' id=\"job_type_internship\" \/> Internship<\/label><\/li>\n\t\t\t\t\t<li><label style=\"color:green;font-size:12px;\" for=\"job_type_part-time\" class=\"part-time\"><input type=\"checkbox\" name=\"filter_job_type[]\" value=\"part-time\"  checked='checked' id=\"job_type_part-time\" \/> Part Time<\/label><\/li>\n\t\t\t\t\t<li><label style=\"color:green;font-size:12px;\" for=\"job_type_temporary\" class=\"temporary\"><input type=\"checkbox\" name=\"filter_job_type[]\" value=\"temporary\"  checked='checked' id=\"job_type_temporary\" \/> Temporary<\/label><\/li>\n\t\t\t\t\t<li><label style=\"color:green;font-size:12px;\" for=\"job_type_volunteer\" class=\"volunteer\"><input type=\"checkbox\" name=\"filter_job_type[]\" value=\"volunteer\"  checked='checked' id=\"job_type_volunteer\" \/> Volunteer<\/label><\/li>\n\t\t\t<\/ul>\n\t<input type=\"hidden\" name=\"filter_job_type[]\" value=\"\" \/>\n<div class=\"showing_jobs\"><\/div><\/form>\n\n\n<noscript>Taray\u0131c\u0131n\u0131z JavaScript desteklemiyor ya da JavaScript&rsquo;i devre d\u0131\u015f\u0131 b\u0131rakm\u0131\u015f. \u0130lanlar\u0131 g\u00f6rebilmek i\u00e7in JavaScript aktif olmal\u0131d\u0131r.<\/noscript><ul class=\"job_listings\" style=\"background-color:#fff;\"><\/ul><a class=\"load_more_jobs\" href=\"#\" style=\"display:none;\"><strong>Daha fazla ilan<\/strong><\/a><\/div>[\/vc_column_text]<div class=\"divider-wrap\"><div style=\"height: 100px;\" class=\"divider\"><\/div><\/div><div class=\"divider-wrap\"><div style=\"height: 100px;\" class=\"divider\"><\/div><\/div>[\/vc_column][\/vc_row][vc_row type=&#8221;full_width_background&#8221; full_screen_row_position=&#8221;middle&#8221; bg_color=&#8221;#333333&#8243; scene_position=&#8221;center&#8221; text_color=&#8221;light&#8221; text_align=&#8221;right&#8221; disable_element=&#8221;yes&#8221; overlay_strength=&#8221;0.3&#8243;][vc_column column_padding=&#8221;no-extra-padding&#8221; column_padding_position=&#8221;all&#8221; background_color_opacity=&#8221;1&#8243; background_hover_color_opacity=&#8221;1&#8243; column_shadow=&#8221;none&#8221; width=&#8221;1\/1&#8243; tablet_text_alignment=&#8221;default&#8221; phone_text_alignment=&#8221;default&#8221; column_border_width=&#8221;none&#8221; column_border_style=&#8221;solid&#8221;]<div class=\"divider-wrap\"><div style=\"height: 25px;\" class=\"divider\"><\/div><\/div>[vc_row_inner column_margin=&#8221;default&#8221; text_align=&#8221;right&#8221;][vc_column_inner column_padding=&#8221;no-extra-padding&#8221; column_padding_position=&#8221;left&#8221; centered_text=&#8221;true&#8221; background_color_opacity=&#8221;1&#8243; width=&#8221;1\/3&#8243; column_border_width=&#8221;none&#8221; column_border_style=&#8221;solid&#8221;][vc_column_text]\n<p>Daha fazla bilgi i\u00e7in ziyaret edin veya bize ula\u015f\u0131n:<br \/>\nIncilip\u0131nar Mah. Kamilocak Cad 6<br \/>\nZ\u00fcmer i\u015f merkezi No: 17 \u015eahitkemil \/ Gaziantep<\/p>\n<p>info@ihsanrd.org<br \/>\nFax: +90 212 263 41 75<\/p>\n[\/vc_column_text]<div class=\"divider-wrap\"><div style=\"height: 25px;\" class=\"divider\"><\/div><\/div><div class=\"divider-wrap\"><div style=\"height: 25px;\" class=\"divider\"><\/div><\/div><div class=\"divider-wrap\"><div style=\"height: 25px;\" class=\"divider\"><\/div><\/div>[\/vc_column_inner][vc_column_inner column_padding=&#8221;padding-5-percent&#8221; column_padding_position=&#8221;right&#8221; centered_text=&#8221;true&#8221; background_color_opacity=&#8221;1&#8243; width=&#8221;1\/3&#8243; column_border_width=&#8221;none&#8221; column_border_style=&#8221;solid&#8221;][vc_column_text]\n<p>Nasil fonu harciyoruz<\/p>\n[\/vc_column_text]<div class=\"divider-wrap\"><div style=\"height: 25px;\" class=\"divider\"><\/div><\/div><div class=\"img-with-aniamtion-wrap center\" data-max-width=\"100%\"><div class=\"inner\"><a href=\"https:\/\/www.ihsanrd.org\/publications_reports\/\" target=\"_self\" class=\"center\"><img loading=\"lazy\" decoding=\"async\" data-shadow=\"none\" data-shadow-direction=\"middle\" class=\"img-with-animation \" data-delay=\"0\" height=\"640\" width=\"709\" data-animation=\"fade-in\" src=\"https:\/\/career.ihsanrd.org\/wp-content\/uploads\/2022\/02\/footer-tr-2018.png\" srcset=\"https:\/\/career.ihsanrd.org\/wp-content\/uploads\/2022\/02\/footer-tr-2018.png 709w, https:\/\/career.ihsanrd.org\/wp-content\/uploads\/2022\/02\/footer-tr-2018-300x271.png 300w\" sizes=\"auto, 100vw\" alt=\"\" \/><\/a><\/div><\/div><div class=\"divider-wrap\"><div style=\"height: 25px;\" class=\"divider\"><\/div><\/div>[nectar_btn size=&#8221;small&#8221; open_new_tab=&#8221;true&#8221; button_style=&#8221;see-through-3d&#8221; color_override=&#8221;#ffffff&#8221; url=&#8221;https:\/\/www.syrianforumusa.org\/donate.html&#8221; text=&#8221;Ba\u011f\u0131\u015f yap&#8221;][\/vc_column_inner][vc_column_inner column_padding=&#8221;no-extra-padding&#8221; column_padding_position=&#8221;all&#8221; centered_text=&#8221;true&#8221; background_color_opacity=&#8221;1&#8243; width=&#8221;1\/3&#8243; column_border_width=&#8221;none&#8221; column_border_style=&#8221;solid&#8221;]<div class=\"img-with-aniamtion-wrap center\" data-max-width=\"125%\"><div class=\"inner\"><a href=\"http:\/\/www.syrianforum.org\" target=\"_blank\" class=\"center\"><img loading=\"lazy\" decoding=\"async\" data-shadow=\"none\" data-shadow-direction=\"middle\" class=\"img-with-animation \" data-delay=\"0\" height=\"109\" width=\"250\" data-animation=\"fade-in\" src=\"https:\/\/career.ihsanrd.org\/wp-content\/uploads\/2022\/02\/Syrian-Forum-W.png\"  alt=\"\" \/><\/a><\/div><\/div><div class=\"divider-wrap\"><div style=\"height: 25px;\" class=\"divider\"><\/div><\/div>[vc_column_text]\n<p>\u0130hsan, Suriye Forum \u00e7at\u0131s\u0131 alt\u0131nda Suriyelilerin hayat\u0131n\u0131 t\u00fcm d\u00fcnyada geli\u015ftirmeye katk\u0131da bulunan alt\u0131 kurumdan biridir.<\/p>\n[\/vc_column_text]<div class=\"divider-wrap\"><div style=\"height: 25px;\" class=\"divider\"><\/div><\/div>[vc_column_text css=&#8221;.vc_custom_1514213355596{margin-right: -20px !important;padding-left: 20px !important;}&#8221;]\n[\/vc_column_text][\/vc_column_inner][\/vc_row_inner][\/vc_column][\/vc_row]","protected":false},"excerpt":{"rendered":"<p>[vc_row type=&#8221;full_width_background&#8221; full_screen_row_position=&#8221;middle&#8221; bg_image=&#8221;6877&#8243; bg_position=&#8221;left top&#8221; bg_repeat=&#8221;no-repeat&#8221; parallax_bg=&#8221;true&#8221; parallax_bg_speed=&#8221;fast&#8221; bg_color=&#8221;#111111&#8243; scene_position=&#8221;center&#8221; text_color=&#8221;light&#8221; text_align=&#8221;left&#8221; top_padding=&#8221;5%&#8221; color_overlay=&#8221;#0a0a0a&#8221; overlay_strength=&#8221;0.95&#8243;][vc_column enable_animation=&#8221;true&#8221; animation=&#8221;fade-in-from-bottom&#8221; column_padding=&#8221;no-extra-padding&#8221; column_padding_position=&#8221;all&#8221; background_color_opacity=&#8221;1&#8243; background_hover_color_opacity=&#8221;1&#8243; column_shadow=&#8221;none&#8221; width=&#8221;1\/1&#8243; tablet_text_alignment=&#8221;default&#8221; phone_text_alignment=&#8221;default&#8221; column_border_width=&#8221;none&#8221; column_border_style=&#8221;solid&#8221;][vc_row_inner column_margin=&#8221;default&#8221; text_align=&#8221;left&#8221;][vc_column_inner&#8230;<\/p>\n","protected":false},"author":1,"featured_media":0,"parent":0,"menu_order":0,"comment_status":"closed","ping_status":"closed","template":"","meta":{"footnotes":""},"class_list":["post-60073","page","type-page","status-publish","hentry"],"_links":{"self":[{"href":"https:\/\/career.ihsanrd.org\/tr\/wp-json\/wp\/v2\/pages\/60073","targetHints":{"allow":["GET"]}}],"collection":[{"href":"https:\/\/career.ihsanrd.org\/tr\/wp-json\/wp\/v2\/pages"}],"about":[{"href":"https:\/\/career.ihsanrd.org\/tr\/wp-json\/wp\/v2\/types\/page"}],"author":[{"embeddable":true,"href":"https:\/\/career.ihsanrd.org\/tr\/wp-json\/wp\/v2\/users\/1"}],"replies":[{"embeddable":true,"href":"https:\/\/career.ihsanrd.org\/tr\/wp-json\/wp\/v2\/comments?post=60073"}],"version-history":[{"count":16,"href":"https:\/\/career.ihsanrd.org\/tr\/wp-json\/wp\/v2\/pages\/60073\/revisions"}],"predecessor-version":[{"id":82202,"href":"https:\/\/career.ihsanrd.org\/tr\/wp-json\/wp\/v2\/pages\/60073\/revisions\/82202"}],"wp:attachment":[{"href":"https:\/\/career.ihsanrd.org\/tr\/wp-json\/wp\/v2\/media?parent=60073"}],"curies":[{"name":"wp","href":"https:\/\/api.w.org\/{rel}","templated":true}]}}